{"id":7092,"date":"2017-07-13T21:23:47","date_gmt":"2017-07-13T21:23:47","guid":{"rendered":"http:\/\/www.integral-energy.com\/gracias\/"},"modified":"2017-08-03T21:32:23","modified_gmt":"2017-08-03T21:32:23","slug":"thank-you-for-contacting-us","status":"publish","type":"page","link":"https:\/\/www.integral-energy.com\/en\/contact\/thank-you-for-contacting-us\/","title":{"rendered":"Thank you for contacting us"},"content":{"rendered":"<div class=\"wpb-content-wrapper\"><p>[vc_row css=&#8221;.vc_custom_1500050325615{padding-top: 50px !important;padding-bottom: 50px !important;background-image: url(http:\/\/www.integral-energy.com\/wp-content\/uploads\/2017\/07\/Planta-Integral-Energy1.jpg?id=6550) !important;background-position: center !important;background-repeat: no-repeat !important;background-size: cover !important;}&#8221;][vc_column][vc_row_inner][vc_column_inner el_class=&#8221;textoBlanco&#8221; width=&#8221;1\/3&#8243; css=&#8221;.vc_custom_1500043785496{padding-top: 100px !important;}&#8221;]<div class=\"qodef-iwt clearfix qodef-iwt-icon-top qodef-iwt-icon-tiny\">\n    <div class=\"qodef-iwt-icon-holder\">\n                    \n    <span class=\"qodef-icon-shortcode circle\" style=\"width: 60px;height: 60px;line-height: 60px\" data-hover-background-color=\"#cec6de\">\n        \n        <i class=\"qodef-icon-simple-line-icon icon-phone qodef-icon-element\" style=\"font-size:30px\" ><\/i>\n            <\/span>\n\n            <\/div>\n    <div class=\"qodef-iwt-content-holder\" >\n                <div class=\"qodef-iwt-text-holder\">\n            <p ><\/p>\n\n                    <\/div>\n    <\/div>\n<\/div>[vc_column_text]<\/p>\n<p style=\"text-align: center; font-size: 17px;\"><a href=\"tel:3310992765\">(33) 1099-2765<\/a><br \/>\n<a href=\"tel:3337977122\">(33) 3797-7122<\/a><\/p>\n<p>[\/vc_column_text][\/vc_column_inner][vc_column_inner el_class=&#8221;textoBlanco&#8221; width=&#8221;1\/3&#8243;]<div class=\"qodef-underline-icon-box-holder center qodef-underline-animation\">\n\t<div class=\"qodef-underline-icon-box-holder-inner\">\n\t\t<div class=\"qodef-underline-icon-box-icon-holder\">\n\t\t\t\n    <span class=\"qodef-icon-shortcode normal \"  >\n        \n        <i class=\"qodef-icon-font-awesome fa  qodef-icon-element\" style=\"\" ><\/i>\n            <\/span>\n\n\t\t<\/div>\n\t\t<div class=\"qodef-underline-icon-box-text-holder\">\n\t\t\t<div class=\"qodef-underline-icon-box-title\">\n\t\t\t\t<h2>Integral Energy<\/h2>\n\t\t\t<\/div>\n\t\t\t<div class=\"qodef-underline-icon-box-text\">\n\t\t\t\t<p><\/p>\n\t\t\t<\/div>\n\t\t<\/div>\n\t<\/div>\n\t<div class=\"qodef-underline-icon-box-underline\">\n\t\t<span class=\"qodef-underline-holder\"><\/span>\n\t<\/div>\n<\/div>[vc_empty_space][vc_column_text]<\/p>\n<p style=\"text-align: center; font-size: 19px;\">\u00a1THANK YOU FOR CONTACTING US!<\/p>\n<p style=\"text-align: center; font-size: 19px;\">WE RESOLVE ANY DOUBTS AS SOON AS POSSIBLE. REMEMBER WE ARE TO GIVE YOU A GREAT SERVICE<\/p>\n<p>[\/vc_column_text][vc_empty_space][\/vc_column_inner][vc_column_inner el_class=&#8221;textoBlanco&#8221; width=&#8221;1\/3&#8243; css=&#8221;.vc_custom_1500043985625{padding-top: 100px !important;}&#8221;]<div class=\"qodef-iwt clearfix qodef-iwt-icon-top qodef-iwt-icon-tiny\">\n    <div class=\"qodef-iwt-icon-holder\">\n                    \n    <span class=\"qodef-icon-shortcode circle\" style=\"width: 60px;height: 60px;line-height: 60px\" data-hover-background-color=\"#cec6de\">\n        \n        <i class=\"qodef-icon-simple-line-icon icon-envelope qodef-icon-element\" style=\"font-size:30px\" ><\/i>\n            <\/span>\n\n            <\/div>\n    <div class=\"qodef-iwt-content-holder\" >\n                <div class=\"qodef-iwt-text-holder\">\n            <p ><\/p>\n\n                    <\/div>\n    <\/div>\n<\/div>[vc_column_text]<\/p>\n<p style=\"text-align: center; font-size: 17px;\"><a href=\"mailto:joaquin.miranda@integral-energy.com\">joaquin.miranda@integral-energy.com<\/a><\/p>\n<p style=\"text-align: center; font-size: 17px;\"><a href=\"mailto:joaquinruben.miranda@integral-energy.com\">joaquinruben.miranda@integral-energy.com<\/a><\/p>\n<p style=\"text-align: center; font-size: 17px;\"><a href=\"mailto:marketing@integral-energy.com\">marketing@integral-energy.com<\/a><\/p>\n<p>[\/vc_column_text][\/vc_column_inner][\/vc_row_inner][\/vc_column][\/vc_row]<\/p>\n<\/div>","protected":false},"excerpt":{"rendered":"<p>[vc_row css=&#8221;.vc_custom_1500050325615{padding-top: 50px !important;padding-bottom: 50px !important;background-image: url(http:\/\/www.integral-energy.com\/wp-content\/uploads\/2017\/07\/Planta-Integral-Energy1.jpg?id=6550) !important;background-position: center !important;background-repeat: no-repeat !important;background-size: cover !important;}&#8221;][vc_column][vc_row_inner][vc_column_inner el_class=&#8221;textoBlanco&#8221; width=&#8221;1\/3&#8243; css=&#8221;.vc_custom_1500043785496{padding-top: 100px !important;}&#8221;][vc_column_text] (33) 1099-2765&#8230;<\/p>\n","protected":false},"author":2,"featured_media":0,"parent":6940,"menu_order":0,"comment_status":"closed","ping_status":"closed","template":"full-width.php","meta":{"footnotes":""},"class_list":["post-7092","page","type-page","status-publish","hentry"],"yoast_head":"<!-- This site is optimized with the Yoast SEO plugin v27.1.1 - https:\/\/yoast.com\/product\/yoast-seo-wordpress\/ -->\n<title>Thank you for contacting us | Integral Energy - Integral Energy<\/title>\n<meta name=\"description\" content=\"Integral Energy | Servicios y productos en protecci\u00f3n industrial y electricidad; seguridad electr\u00f3nica, mantenimiento e instalaciones, e ingenier\u00edas.\" \/>\n<meta name=\"robots\" content=\"index, follow, max-snippet:-1, max-image-preview:large, max-video-preview:-1\" \/>\n<link rel=\"canonical\" href=\"https:\/\/www.integral-energy.com\/en\/contact\/thank-you-for-contacting-us\/\" \/>\n<meta property=\"og:locale\" content=\"en_US\" \/>\n<meta property=\"og:type\" content=\"article\" \/>\n<meta property=\"og:title\" content=\"Thank you for contacting us | Integral Energy - Integral Energy\" \/>\n<meta property=\"og:description\" content=\"Integral Energy | Servicios y productos en protecci\u00f3n industrial y electricidad; seguridad electr\u00f3nica, mantenimiento e instalaciones, e ingenier\u00edas.\" \/>\n<meta property=\"og:url\" content=\"https:\/\/www.integral-energy.com\/en\/contact\/thank-you-for-contacting-us\/\" \/>\n<meta property=\"og:site_name\" content=\"Integral Energy\" \/>\n<meta property=\"article:modified_time\" content=\"2017-08-03T21:32:23+00:00\" \/>\n<meta name=\"twitter:card\" content=\"summary_large_image\" \/>\n<meta name=\"twitter:label1\" content=\"Est. reading time\" \/>\n\t<meta name=\"twitter:data1\" content=\"1 minute\" \/>\n<script type=\"application\/ld+json\" class=\"yoast-schema-graph\">{\"@context\":\"https:\/\/schema.org\",\"@graph\":[{\"@type\":\"WebPage\",\"@id\":\"https:\/\/www.integral-energy.com\/en\/contact\/thank-you-for-contacting-us\/\",\"url\":\"https:\/\/www.integral-energy.com\/en\/contact\/thank-you-for-contacting-us\/\",\"name\":\"Thank you for contacting us | Integral Energy - Integral Energy\",\"isPartOf\":{\"@id\":\"https:\/\/www.integral-energy.com\/#website\"},\"datePublished\":\"2017-07-13T21:23:47+00:00\",\"dateModified\":\"2017-08-03T21:32:23+00:00\",\"description\":\"Integral Energy | Servicios y productos en protecci\u00f3n industrial y electricidad; seguridad electr\u00f3nica, mantenimiento e instalaciones, e ingenier\u00edas.\",\"breadcrumb\":{\"@id\":\"https:\/\/www.integral-energy.com\/en\/contact\/thank-you-for-contacting-us\/#breadcrumb\"},\"inLanguage\":\"en-US\",\"potentialAction\":[{\"@type\":\"ReadAction\",\"target\":[\"https:\/\/www.integral-energy.com\/en\/contact\/thank-you-for-contacting-us\/\"]}]},{\"@type\":\"BreadcrumbList\",\"@id\":\"https:\/\/www.integral-energy.com\/en\/contact\/thank-you-for-contacting-us\/#breadcrumb\",\"itemListElement\":[{\"@type\":\"ListItem\",\"position\":1,\"name\":\"Portada\",\"item\":\"https:\/\/www.integral-energy.com\/en\/\"},{\"@type\":\"ListItem\",\"position\":2,\"name\":\"Contact\",\"item\":\"https:\/\/www.integral-energy.com\/contacto\/\"},{\"@type\":\"ListItem\",\"position\":3,\"name\":\"Thank you for contacting us\"}]},{\"@type\":\"WebSite\",\"@id\":\"https:\/\/www.integral-energy.com\/#website\",\"url\":\"https:\/\/www.integral-energy.com\/\",\"name\":\"Integral Energy\",\"description\":\"Integral Energy\",\"potentialAction\":[{\"@type\":\"SearchAction\",\"target\":{\"@type\":\"EntryPoint\",\"urlTemplate\":\"https:\/\/www.integral-energy.com\/?s={search_term_string}\"},\"query-input\":{\"@type\":\"PropertyValueSpecification\",\"valueRequired\":true,\"valueName\":\"search_term_string\"}}],\"inLanguage\":\"en-US\"}]}<\/script>\n<!-- \/ Yoast SEO plugin. -->","yoast_head_json":{"title":"Thank you for contacting us | Integral Energy - Integral Energy","description":"Integral Energy | Servicios y productos en protecci\u00f3n industrial y electricidad; seguridad electr\u00f3nica, mantenimiento e instalaciones, e ingenier\u00edas.","robots":{"index":"index","follow":"follow","max-snippet":"max-snippet:-1","max-image-preview":"max-image-preview:large","max-video-preview":"max-video-preview:-1"},"canonical":"https:\/\/www.integral-energy.com\/en\/contact\/thank-you-for-contacting-us\/","og_locale":"en_US","og_type":"article","og_title":"Thank you for contacting us | Integral Energy - Integral Energy","og_description":"Integral Energy | Servicios y productos en protecci\u00f3n industrial y electricidad; seguridad electr\u00f3nica, mantenimiento e instalaciones, e ingenier\u00edas.","og_url":"https:\/\/www.integral-energy.com\/en\/contact\/thank-you-for-contacting-us\/","og_site_name":"Integral Energy","article_modified_time":"2017-08-03T21:32:23+00:00","twitter_card":"summary_large_image","twitter_misc":{"Est. reading time":"1 minute"},"schema":{"@context":"https:\/\/schema.org","@graph":[{"@type":"WebPage","@id":"https:\/\/www.integral-energy.com\/en\/contact\/thank-you-for-contacting-us\/","url":"https:\/\/www.integral-energy.com\/en\/contact\/thank-you-for-contacting-us\/","name":"Thank you for contacting us | Integral Energy - Integral Energy","isPartOf":{"@id":"https:\/\/www.integral-energy.com\/#website"},"datePublished":"2017-07-13T21:23:47+00:00","dateModified":"2017-08-03T21:32:23+00:00","description":"Integral Energy | Servicios y productos en protecci\u00f3n industrial y electricidad; seguridad electr\u00f3nica, mantenimiento e instalaciones, e ingenier\u00edas.","breadcrumb":{"@id":"https:\/\/www.integral-energy.com\/en\/contact\/thank-you-for-contacting-us\/#breadcrumb"},"inLanguage":"en-US","potentialAction":[{"@type":"ReadAction","target":["https:\/\/www.integral-energy.com\/en\/contact\/thank-you-for-contacting-us\/"]}]},{"@type":"BreadcrumbList","@id":"https:\/\/www.integral-energy.com\/en\/contact\/thank-you-for-contacting-us\/#breadcrumb","itemListElement":[{"@type":"ListItem","position":1,"name":"Portada","item":"https:\/\/www.integral-energy.com\/en\/"},{"@type":"ListItem","position":2,"name":"Contact","item":"https:\/\/www.integral-energy.com\/contacto\/"},{"@type":"ListItem","position":3,"name":"Thank you for contacting us"}]},{"@type":"WebSite","@id":"https:\/\/www.integral-energy.com\/#website","url":"https:\/\/www.integral-energy.com\/","name":"Integral Energy","description":"Integral Energy","potentialAction":[{"@type":"SearchAction","target":{"@type":"EntryPoint","urlTemplate":"https:\/\/www.integral-energy.com\/?s={search_term_string}"},"query-input":{"@type":"PropertyValueSpecification","valueRequired":true,"valueName":"search_term_string"}}],"inLanguage":"en-US"}]}},"amp_enabled":false,"_links":{"self":[{"href":"https:\/\/www.integral-energy.com\/en\/wp-json\/wp\/v2\/pages\/7092","targetHints":{"allow":["GET"]}}],"collection":[{"href":"https:\/\/www.integral-energy.com\/en\/wp-json\/wp\/v2\/pages"}],"about":[{"href":"https:\/\/www.integral-energy.com\/en\/wp-json\/wp\/v2\/types\/page"}],"author":[{"embeddable":true,"href":"https:\/\/www.integral-energy.com\/en\/wp-json\/wp\/v2\/users\/2"}],"replies":[{"embeddable":true,"href":"https:\/\/www.integral-energy.com\/en\/wp-json\/wp\/v2\/comments?post=7092"}],"version-history":[{"count":4,"href":"https:\/\/www.integral-energy.com\/en\/wp-json\/wp\/v2\/pages\/7092\/revisions"}],"predecessor-version":[{"id":7354,"href":"https:\/\/www.integral-energy.com\/en\/wp-json\/wp\/v2\/pages\/7092\/revisions\/7354"}],"up":[{"embeddable":true,"href":"https:\/\/www.integral-energy.com\/en\/wp-json\/wp\/v2\/pages\/6940"}],"wp:attachment":[{"href":"https:\/\/www.integral-energy.com\/en\/wp-json\/wp\/v2\/media?parent=7092"}],"curies":[{"name":"wp","href":"https:\/\/api.w.org\/{rel}","templated":true}]}}