{"id":7077,"date":"2017-07-21T17:48:44","date_gmt":"2017-07-21T17:48:44","guid":{"rendered":"http:\/\/www.integral-energy.com\/otros-servicios\/seguridad-electronica\/"},"modified":"2017-07-26T22:43:57","modified_gmt":"2017-07-26T22:43:57","slug":"electronic-security","status":"publish","type":"page","link":"https:\/\/www.integral-energy.com\/en\/other-services\/electronic-security\/","title":{"rendered":"Electronic Security"},"content":{"rendered":"<div class=\"wpb-content-wrapper\"><p>[vc_row content_width=&#8221;grid&#8221; css_animation=&#8221;qodef-element-from-left&#8221; el_id=&#8221;seguridadElectronica&#8221;][vc_column]<div class=\"qodef-underline-icon-box-holder left qodef-underline-animation\">\n\t<div class=\"qodef-underline-icon-box-holder-inner\">\n\t\t<div class=\"qodef-underline-icon-box-icon-holder\">\n\t\t\t\n    <span class=\"qodef-icon-shortcode normal \"  >\n        \n        <i class=\"qodef-icon-font-awesome fa  qodef-icon-element\" style=\"\" ><\/i>\n            <\/span>\n\n\t\t<\/div>\n\t\t<div class=\"qodef-underline-icon-box-text-holder\">\n\t\t\t<div class=\"qodef-underline-icon-box-title\">\n\t\t\t\t<h3>ELECTRONIC SECURITY<\/h3>\n\t\t\t<\/div>\n\t\t\t<div class=\"qodef-underline-icon-box-text\">\n\t\t\t\t<p><\/p>\n\t\t\t<\/div>\n\t\t<\/div>\n\t<\/div>\n\t<div class=\"qodef-underline-icon-box-underline\">\n\t\t<span class=\"qodef-underline-holder\"><\/span>\n\t<\/div>\n<\/div>[\/vc_column][\/vc_row][vc_row content_width=&#8221;grid&#8221; css_animation=&#8221;qodef-element-from-left&#8221; css=&#8221;.vc_custom_1500504652504{padding-top: 50px !important;padding-bottom: 50px !important;}&#8221; el_id=&#8221;circuitoCerrado&#8221;][vc_column][vc_row_inner][vc_column_inner width=&#8221;1\/2&#8243;][vc_column_text]<\/p>\n<h4>Closed Circuit Television:<\/h4>\n<p>&nbsp;<\/p>\n<p>We provide consultation, projects, installations and maintenance for security services ranging from Closed Circuit Television to Emergency Door Control Systems..<\/p>\n<p>&nbsp;<\/p>\n<p>[\/vc_column_text]<div class=\"qodef-icon-list-item\">\n\t<div class=\"qodef-icon-list-icon-holder\">\n        <div class=\"qodef-icon-list-icon-holder-inner clearfix\">\n\t\t\t<i class=\"qodef-icon-font-awesome fa fa-check-circle \" style=\"\" ><\/i>\t\t<\/div>\n\t<\/div>\n\t<p class=\"qodef-icon-list-text\"  > Digital matrix systems.<\/p>\n<\/div><div class=\"qodef-icon-list-item\">\n\t<div class=\"qodef-icon-list-icon-holder\">\n        <div class=\"qodef-icon-list-icon-holder-inner clearfix\">\n\t\t\t<i class=\"qodef-icon-font-awesome fa fa-check-circle \" style=\"\" ><\/i>\t\t<\/div>\n\t<\/div>\n\t<p class=\"qodef-icon-list-text\"  > Digital video recordings.<\/p>\n<\/div><div class=\"qodef-icon-list-item\">\n\t<div class=\"qodef-icon-list-icon-holder\">\n        <div class=\"qodef-icon-list-icon-holder-inner clearfix\">\n\t\t\t<i class=\"qodef-icon-font-awesome fa fa-check-circle \" style=\"\" ><\/i>\t\t<\/div>\n\t<\/div>\n\t<p class=\"qodef-icon-list-text\"  > Computer control.<\/p>\n<\/div><div class=\"qodef-icon-list-item\">\n\t<div class=\"qodef-icon-list-icon-holder\">\n        <div class=\"qodef-icon-list-icon-holder-inner clearfix\">\n\t\t\t<i class=\"qodef-icon-font-awesome fa fa-check-circle \" style=\"\" ><\/i>\t\t<\/div>\n\t<\/div>\n\t<p class=\"qodef-icon-list-text\"  > Video control via fiber optics, wireless, internet, phone line, microwaves and intranet.<\/p>\n<\/div><div class=\"qodef-icon-list-item\">\n\t<div class=\"qodef-icon-list-icon-holder\">\n        <div class=\"qodef-icon-list-icon-holder-inner clearfix\">\n\t\t\t<i class=\"qodef-icon-font-awesome fa fa-check-circle \" style=\"\" ><\/i>\t\t<\/div>\n\t<\/div>\n\t<p class=\"qodef-icon-list-text\"  > Multiplexed systems.<\/p>\n<\/div><div class=\"qodef-icon-list-item\">\n\t<div class=\"qodef-icon-list-icon-holder\">\n        <div class=\"qodef-icon-list-icon-holder-inner clearfix\">\n\t\t\t<i class=\"qodef-icon-font-awesome fa fa-check-circle \" style=\"\" ><\/i>\t\t<\/div>\n\t<\/div>\n\t<p class=\"qodef-icon-list-text\"  > Type riel, video systems.<\/p>\n<\/div><div class=\"qodef-icon-list-item\">\n\t<div class=\"qodef-icon-list-icon-holder\">\n        <div class=\"qodef-icon-list-icon-holder-inner clearfix\">\n\t\t\t<i class=\"qodef-icon-font-awesome fa fa-check-circle \" style=\"\" ><\/i>\t\t<\/div>\n\t<\/div>\n\t<p class=\"qodef-icon-list-text\"  > Cameras IP, Mega Pixel, PTZ.<\/p>\n<\/div><div class=\"qodef-icon-list-item\">\n\t<div class=\"qodef-icon-list-icon-holder\">\n        <div class=\"qodef-icon-list-icon-holder-inner clearfix\">\n\t\t\t<i class=\"qodef-icon-font-awesome fa fa-check-circle \" style=\"\" ><\/i>\t\t<\/div>\n\t<\/div>\n\t<p class=\"qodef-icon-list-text\"  > High capacity digital storage.<\/p>\n<\/div><div class=\"qodef-icon-list-item\">\n\t<div class=\"qodef-icon-list-icon-holder\">\n        <div class=\"qodef-icon-list-icon-holder-inner clearfix\">\n\t\t\t<i class=\"qodef-icon-font-awesome fa fa-check-circle \" style=\"\" ><\/i>\t\t<\/div>\n\t<\/div>\n\t<p class=\"qodef-icon-list-text\"  > Cameras for special applications.<\/p>\n<\/div><div class=\"qodef-icon-list-item\">\n\t<div class=\"qodef-icon-list-icon-holder\">\n        <div class=\"qodef-icon-list-icon-holder-inner clearfix\">\n\t\t\t<i class=\"qodef-icon-font-awesome fa fa-check-circle \" style=\"\" ><\/i>\t\t<\/div>\n\t<\/div>\n\t<p class=\"qodef-icon-list-text\"  > Micro Cameras.<\/p>\n<\/div>[\/vc_column_inner][vc_column_inner width=&#8221;1\/2&#8243;][vc_gallery type=&#8221;flexslider_slide&#8221; interval=&#8221;3&#8243; images=&#8221;6237,6238,6239&#8243; img_size=&#8221;full&#8221; css=&#8221;.vc_custom_1499709226095{padding-top: 15px !important;}&#8221;][\/vc_column_inner][\/vc_row_inner][\/vc_column][\/vc_row][vc_row content_width=&#8221;grid&#8221; css_animation=&#8221;qodef-element-from-right&#8221; css=&#8221;.vc_custom_1500504665712{padding-top: 50px !important;padding-bottom: 50px !important;background-color: #f7f7f7 !important;}&#8221; el_id=&#8221;controldeAcceso&#8221;][vc_column][vc_empty_space][vc_row_inner][vc_column_inner width=&#8221;1\/2&#8243;][vc_gallery interval=&#8221;3&#8243; images=&#8221;6241,6242,6243&#8243; img_size=&#8221;full&#8221;][\/vc_column_inner][vc_column_inner width=&#8221;1\/2&#8243;][vc_column_text]<\/p>\n<h4>Access Control Systems:<\/h4>\n<p>&nbsp;<\/p>\n<p>[\/vc_column_text]<div class=\"qodef-icon-list-item\">\n\t<div class=\"qodef-icon-list-icon-holder\">\n        <div class=\"qodef-icon-list-icon-holder-inner clearfix\">\n\t\t\t<i class=\"qodef-icon-font-awesome fa fa-check-circle \" style=\"\" ><\/i>\t\t<\/div>\n\t<\/div>\n\t<p class=\"qodef-icon-list-text\"  > Bar Code entry cards, magenetic bars or by proximity entry, keypad access, biometric readings, software control and more.<\/p>\n<\/div><div class=\"qodef-icon-list-item\">\n\t<div class=\"qodef-icon-list-icon-holder\">\n        <div class=\"qodef-icon-list-icon-holder-inner clearfix\">\n\t\t\t<i class=\"qodef-icon-font-awesome fa fa-check-circle \" style=\"\" ><\/i>\t\t<\/div>\n\t<\/div>\n\t<p class=\"qodef-icon-list-text\"  > Expandable systems with high leves of security.<\/p>\n<\/div><div class=\"qodef-icon-list-item\">\n\t<div class=\"qodef-icon-list-icon-holder\">\n        <div class=\"qodef-icon-list-icon-holder-inner clearfix\">\n\t\t\t<i class=\"qodef-icon-font-awesome fa fa-check-circle \" style=\"\" ><\/i>\t\t<\/div>\n\t<\/div>\n\t<p class=\"qodef-icon-list-text\"  > Automatic systems.<\/p>\n<\/div><div class=\"qodef-icon-list-item\">\n\t<div class=\"qodef-icon-list-icon-holder\">\n        <div class=\"qodef-icon-list-icon-holder-inner clearfix\">\n\t\t\t<i class=\"qodef-icon-font-awesome fa fa-check-circle \" style=\"\" ><\/i>\t\t<\/div>\n\t<\/div>\n\t<p class=\"qodef-icon-list-text\"  > IP systems.<\/p>\n<\/div><div class=\"qodef-icon-list-item\">\n\t<div class=\"qodef-icon-list-icon-holder\">\n        <div class=\"qodef-icon-list-icon-holder-inner clearfix\">\n\t\t\t<i class=\"qodef-icon-font-awesome fa fa-check-circle \" style=\"\" ><\/i>\t\t<\/div>\n\t<\/div>\n\t<p class=\"qodef-icon-list-text\"  > Perimeter alarm system.<\/p>\n<\/div><div class=\"qodef-icon-list-item\">\n\t<div class=\"qodef-icon-list-icon-holder\">\n        <div class=\"qodef-icon-list-icon-holder-inner clearfix\">\n\t\t\t<i class=\"qodef-icon-font-awesome fa fa-check-circle \" style=\"\" ><\/i>\t\t<\/div>\n\t<\/div>\n\t<p class=\"qodef-icon-list-text\"  > Vehicle and pedestrian security entry.<\/p>\n<\/div><div class=\"qodef-icon-list-item\">\n\t<div class=\"qodef-icon-list-icon-holder\">\n        <div class=\"qodef-icon-list-icon-holder-inner clearfix\">\n\t\t\t<i class=\"qodef-icon-font-awesome fa fa-check-circle \" style=\"\" ><\/i>\t\t<\/div>\n\t<\/div>\n\t<p class=\"qodef-icon-list-text\"  > Emergency doors with monitoring panels.<\/p>\n<\/div><div class=\"qodef-icon-list-item\">\n\t<div class=\"qodef-icon-list-icon-holder\">\n        <div class=\"qodef-icon-list-icon-holder-inner clearfix\">\n\t\t\t<i class=\"qodef-icon-font-awesome fa fa-check-circle \" style=\"\" ><\/i>\t\t<\/div>\n\t<\/div>\n\t<p class=\"qodef-icon-list-text\"  > Monitoring software.<\/p>\n<\/div><div class=\"qodef-icon-list-item\">\n\t<div class=\"qodef-icon-list-icon-holder\">\n        <div class=\"qodef-icon-list-icon-holder-inner clearfix\">\n\t\t\t<i class=\"qodef-icon-font-awesome fa fa-check-circle \" style=\"\" ><\/i>\t\t<\/div>\n\t<\/div>\n\t<p class=\"qodef-icon-list-text\"  > Security guard tours.<\/p>\n<\/div>[\/vc_column_inner][\/vc_row_inner][\/vc_column][\/vc_row][vc_row css=&#8221;.vc_custom_1499967180726{padding-top: 50px !important;padding-bottom: 50px !important;background-color: #330c74 !important;}&#8221;][vc_column css_animation=&#8221;zoomIn&#8221; el_class=&#8221;textoBlanco&#8221;]\n\n\t<div class=\"qodef-call-to-action normal\">\n\n\t\t\t\t<div class=\"qodef-container-inner\">\n\t\t\t\t\t<div class=\"qodef-call-to-action-row-75-25 clearfix\" style=\"padding: 20px;\">\n\t\t\n\t\t\t\t<div class=\"qodef-text-wrapper qodef-call-to-action-column1 qodef-call-to-action-cell\">\n\n\t\t\t\t\n\t\t\t\t\t<div class=\"qodef-call-to-action-text\" >\n\t\t\t\t\t\t\n<h2>Do you want to know more about us?<\/h2>\n\t\t\t\t\t<\/div>\n\n\t\t\t\t<\/div>\n\n\t\t\t\t\n\t\t\t\t\t<div class=\"qodef-button-wrapper qodef-call-to-action-column2 qodef-call-to-action-cell\" style =\"text-align: right ;\">\n\n\t\t\t\t\t\t<a href=\"http:\/\/www.integral-energy.com\/en\/contact\/\" target=\"_self\" style=\"color: #ffffff;background-color: #330d74;border-color: #ffffff\" class=\"qodef-btn qodef-btn-medium qodef-btn-default qodef-btn-custom-hover-bg qodef-btn-custom-border-hover qodef-btn-custom-hover-color qodef-btn-icon qodef-btn-hover-animation\" data-hover-bg-color=\"#330d74\" data-hover-color=\"#330d74\" data-hover-border-color=\"#330d74\" >            <div class=\"qodef-animation-overlay-holder\">            <span  style=\"background-color: #ffffff\"  class=\"qodef-animation-overlay\"><\/span>        <\/div>        <span class=\"qodef-btn-text\">contact us<\/span>    <span class=\"qodef-btn-text-icon\"><i class=\"qodef-icon-simple-line-icon icon-arrow-right-circle \" ><\/i><\/span><\/a>\n\t\t\t\t\t<\/div>\n\n\t\t\t\t\n\t\t\t<\/div>\n\n\t\t\t\t<\/div>\n\t\t\n\t<\/div>\n\n[\/vc_column][\/vc_row]<\/p>\n<\/div>","protected":false},"excerpt":{"rendered":"<p>[vc_row content_width=&#8221;grid&#8221; css_animation=&#8221;qodef-element-from-left&#8221; el_id=&#8221;seguridadElectronica&#8221;][vc_column][\/vc_column][\/vc_row][vc_row content_width=&#8221;grid&#8221; css_animation=&#8221;qodef-element-from-left&#8221; css=&#8221;.vc_custom_1500504652504{padding-top: 50px !important;padding-bottom: 50px !important;}&#8221; el_id=&#8221;circuitoCerrado&#8221;][vc_column][vc_row_inner][vc_column_inner width=&#8221;1\/2&#8243;][vc_column_text] Closed Circuit Television: &nbsp; We provide consultation, projects,&#8230;<\/p>\n","protected":false},"author":2,"featured_media":0,"parent":7062,"menu_order":0,"comment_status":"closed","ping_status":"closed","template":"full-width.php","meta":{"footnotes":""},"class_list":["post-7077","page","type-page","status-publish","hentry"],"yoast_head":"<!-- This site is optimized with the Yoast SEO plugin v27.1.1 - https:\/\/yoast.com\/product\/yoast-seo-wordpress\/ -->\n<title>Electronic Security | Integral Energy - Integral Energy<\/title>\n<meta name=\"description\" content=\"Integral Energy | Servicios y productos en protecci\u00f3n industrial y electricidad; seguridad electr\u00f3nica, mantenimiento e instalaciones, e ingenier\u00edas.\" \/>\n<meta name=\"robots\" content=\"index, follow, max-snippet:-1, max-image-preview:large, max-video-preview:-1\" \/>\n<link rel=\"canonical\" href=\"https:\/\/www.integral-energy.com\/en\/other-services\/electronic-security\/\" \/>\n<meta property=\"og:locale\" content=\"en_US\" \/>\n<meta property=\"og:type\" content=\"article\" \/>\n<meta property=\"og:title\" content=\"Electronic Security | Integral Energy - Integral Energy\" \/>\n<meta property=\"og:description\" content=\"Integral Energy | Servicios y productos en protecci\u00f3n industrial y electricidad; seguridad electr\u00f3nica, mantenimiento e instalaciones, e ingenier\u00edas.\" \/>\n<meta property=\"og:url\" content=\"https:\/\/www.integral-energy.com\/en\/other-services\/electronic-security\/\" \/>\n<meta property=\"og:site_name\" content=\"Integral Energy\" \/>\n<meta property=\"article:modified_time\" content=\"2017-07-26T22:43:57+00:00\" \/>\n<meta name=\"twitter:card\" content=\"summary_large_image\" \/>\n<meta name=\"twitter:label1\" content=\"Est. reading time\" \/>\n\t<meta name=\"twitter:data1\" content=\"3 minutes\" \/>\n<script type=\"application\/ld+json\" class=\"yoast-schema-graph\">{\"@context\":\"https:\/\/schema.org\",\"@graph\":[{\"@type\":\"WebPage\",\"@id\":\"https:\/\/www.integral-energy.com\/en\/other-services\/electronic-security\/\",\"url\":\"https:\/\/www.integral-energy.com\/en\/other-services\/electronic-security\/\",\"name\":\"Electronic Security | Integral Energy - Integral Energy\",\"isPartOf\":{\"@id\":\"https:\/\/www.integral-energy.com\/#website\"},\"datePublished\":\"2017-07-21T17:48:44+00:00\",\"dateModified\":\"2017-07-26T22:43:57+00:00\",\"description\":\"Integral Energy | Servicios y productos en protecci\u00f3n industrial y electricidad; seguridad electr\u00f3nica, mantenimiento e instalaciones, e ingenier\u00edas.\",\"breadcrumb\":{\"@id\":\"https:\/\/www.integral-energy.com\/en\/other-services\/electronic-security\/#breadcrumb\"},\"inLanguage\":\"en-US\",\"potentialAction\":[{\"@type\":\"ReadAction\",\"target\":[\"https:\/\/www.integral-energy.com\/en\/other-services\/electronic-security\/\"]}]},{\"@type\":\"BreadcrumbList\",\"@id\":\"https:\/\/www.integral-energy.com\/en\/other-services\/electronic-security\/#breadcrumb\",\"itemListElement\":[{\"@type\":\"ListItem\",\"position\":1,\"name\":\"Portada\",\"item\":\"https:\/\/www.integral-energy.com\/en\/\"},{\"@type\":\"ListItem\",\"position\":2,\"name\":\"Other Services\",\"item\":\"https:\/\/www.integral-energy.com\/en\/other-services\/\"},{\"@type\":\"ListItem\",\"position\":3,\"name\":\"Electronic Security\"}]},{\"@type\":\"WebSite\",\"@id\":\"https:\/\/www.integral-energy.com\/#website\",\"url\":\"https:\/\/www.integral-energy.com\/\",\"name\":\"Integral Energy\",\"description\":\"Integral Energy\",\"potentialAction\":[{\"@type\":\"SearchAction\",\"target\":{\"@type\":\"EntryPoint\",\"urlTemplate\":\"https:\/\/www.integral-energy.com\/?s={search_term_string}\"},\"query-input\":{\"@type\":\"PropertyValueSpecification\",\"valueRequired\":true,\"valueName\":\"search_term_string\"}}],\"inLanguage\":\"en-US\"}]}<\/script>\n<!-- \/ Yoast SEO plugin. -->","yoast_head_json":{"title":"Electronic Security | Integral Energy - Integral Energy","description":"Integral Energy | Servicios y productos en protecci\u00f3n industrial y electricidad; seguridad electr\u00f3nica, mantenimiento e instalaciones, e ingenier\u00edas.","robots":{"index":"index","follow":"follow","max-snippet":"max-snippet:-1","max-image-preview":"max-image-preview:large","max-video-preview":"max-video-preview:-1"},"canonical":"https:\/\/www.integral-energy.com\/en\/other-services\/electronic-security\/","og_locale":"en_US","og_type":"article","og_title":"Electronic Security | Integral Energy - Integral Energy","og_description":"Integral Energy | Servicios y productos en protecci\u00f3n industrial y electricidad; seguridad electr\u00f3nica, mantenimiento e instalaciones, e ingenier\u00edas.","og_url":"https:\/\/www.integral-energy.com\/en\/other-services\/electronic-security\/","og_site_name":"Integral Energy","article_modified_time":"2017-07-26T22:43:57+00:00","twitter_card":"summary_large_image","twitter_misc":{"Est. reading time":"3 minutes"},"schema":{"@context":"https:\/\/schema.org","@graph":[{"@type":"WebPage","@id":"https:\/\/www.integral-energy.com\/en\/other-services\/electronic-security\/","url":"https:\/\/www.integral-energy.com\/en\/other-services\/electronic-security\/","name":"Electronic Security | Integral Energy - Integral Energy","isPartOf":{"@id":"https:\/\/www.integral-energy.com\/#website"},"datePublished":"2017-07-21T17:48:44+00:00","dateModified":"2017-07-26T22:43:57+00:00","description":"Integral Energy | Servicios y productos en protecci\u00f3n industrial y electricidad; seguridad electr\u00f3nica, mantenimiento e instalaciones, e ingenier\u00edas.","breadcrumb":{"@id":"https:\/\/www.integral-energy.com\/en\/other-services\/electronic-security\/#breadcrumb"},"inLanguage":"en-US","potentialAction":[{"@type":"ReadAction","target":["https:\/\/www.integral-energy.com\/en\/other-services\/electronic-security\/"]}]},{"@type":"BreadcrumbList","@id":"https:\/\/www.integral-energy.com\/en\/other-services\/electronic-security\/#breadcrumb","itemListElement":[{"@type":"ListItem","position":1,"name":"Portada","item":"https:\/\/www.integral-energy.com\/en\/"},{"@type":"ListItem","position":2,"name":"Other Services","item":"https:\/\/www.integral-energy.com\/en\/other-services\/"},{"@type":"ListItem","position":3,"name":"Electronic Security"}]},{"@type":"WebSite","@id":"https:\/\/www.integral-energy.com\/#website","url":"https:\/\/www.integral-energy.com\/","name":"Integral Energy","description":"Integral Energy","potentialAction":[{"@type":"SearchAction","target":{"@type":"EntryPoint","urlTemplate":"https:\/\/www.integral-energy.com\/?s={search_term_string}"},"query-input":{"@type":"PropertyValueSpecification","valueRequired":true,"valueName":"search_term_string"}}],"inLanguage":"en-US"}]}},"amp_enabled":false,"_links":{"self":[{"href":"https:\/\/www.integral-energy.com\/en\/wp-json\/wp\/v2\/pages\/7077","targetHints":{"allow":["GET"]}}],"collection":[{"href":"https:\/\/www.integral-energy.com\/en\/wp-json\/wp\/v2\/pages"}],"about":[{"href":"https:\/\/www.integral-energy.com\/en\/wp-json\/wp\/v2\/types\/page"}],"author":[{"embeddable":true,"href":"https:\/\/www.integral-energy.com\/en\/wp-json\/wp\/v2\/users\/2"}],"replies":[{"embeddable":true,"href":"https:\/\/www.integral-energy.com\/en\/wp-json\/wp\/v2\/comments?post=7077"}],"version-history":[{"count":5,"href":"https:\/\/www.integral-energy.com\/en\/wp-json\/wp\/v2\/pages\/7077\/revisions"}],"predecessor-version":[{"id":7273,"href":"https:\/\/www.integral-energy.com\/en\/wp-json\/wp\/v2\/pages\/7077\/revisions\/7273"}],"up":[{"embeddable":true,"href":"https:\/\/www.integral-energy.com\/en\/wp-json\/wp\/v2\/pages\/7062"}],"wp:attachment":[{"href":"https:\/\/www.integral-energy.com\/en\/wp-json\/wp\/v2\/media?parent=7077"}],"curies":[{"name":"wp","href":"https:\/\/api.w.org\/{rel}","templated":true}]}}