{"id":7062,"date":"2017-06-29T15:16:06","date_gmt":"2017-06-29T15:16:06","guid":{"rendered":"http:\/\/www.integral-energy.com\/otros-servicios\/"},"modified":"2017-08-03T21:00:07","modified_gmt":"2017-08-03T21:00:07","slug":"other-services","status":"publish","type":"page","link":"https:\/\/www.integral-energy.com\/en\/other-services\/","title":{"rendered":"Other Services"},"content":{"rendered":"<div class=\"wpb-content-wrapper\"><p>[vc_row content_width=&#8221;grid&#8221; css_animation=&#8221;qodef-element-from-left&#8221; css=&#8221;.vc_custom_1500679145427{padding-top: 50px !important;padding-bottom: 50px !important;}&#8221;][vc_column width=&#8221;1\/3&#8243;][vc_single_image image=&#8221;6238&#8243; img_size=&#8221;full&#8221; style=&#8221;vc_box_shadow_3d&#8221;][\/vc_column][vc_column width=&#8221;2\/3&#8243;][vc_empty_space height=&#8221;30px&#8221;][vc_column_text]<\/p>\n<h3>ELECTRONIC SECURITY<\/h3>\n<p>&nbsp;<\/p>\n<p>Here at <strong><span style=\"color: #330c74;\">Integral<\/span> <span style=\"color: #cec6de;\">Energy<\/span><\/strong> we are aware of the high importance of your installations, requiring monitoring and have access control for personnel and vehicles alike. From CCTV servers and camera to fingerprint access technology, we offe you consulting, installation and maintenance[\/vc_column_text][vc_empty_space height=&#8221;15px&#8221;]<a href=\"http:\/\/www.integral-energy.com\/en\/other-services\/electronic-security\/\" target=\"_self\" style=\"color: #ffffff;background-color: #330d74;border-color: #ffffff\" class=\"qodef-btn qodef-btn-medium qodef-btn-default qodef-btn-custom-hover-bg qodef-btn-custom-border-hover qodef-btn-custom-hover-color qodef-btn-icon qodef-btn-hover-animation\" data-hover-bg-color=\"#330d74\" data-hover-color=\"#330d74\" data-hover-border-color=\"#330d74\" >\n            <div class=\"qodef-animation-overlay-holder\">\n            <span  style=\"background-color: #ffffff\"  class=\"qodef-animation-overlay\"><\/span>\n        <\/div>\n        <span class=\"qodef-btn-text\">more<\/span>\n    <span class=\"qodef-btn-text-icon\"><i class=\"qodef-icon-simple-line-icon icon-arrow-right-circle \" ><\/i><\/span>\n<\/a>[\/vc_column][\/vc_row][vc_row content_width=&#8221;grid&#8221; css_animation=&#8221;qodef-element-from-right&#8221; css=&#8221;.vc_custom_1500911461763{padding-top: 50px !important;padding-bottom: 50px !important;background-color: #f9f9f9 !important;}&#8221;][vc_column width=&#8221;2\/3&#8243;][vc_empty_space height=&#8221;30px&#8221;][vc_column_text]<\/p>\n<h3>HYDRATIGHT JOINT INTEGRITY SOLUTIONS<\/h3>\n<p>&nbsp;<\/p>\n<p>Over the last 30 years Hydratight has developed a comprehensive range of mechanical products for fastening, connecting and lifting mechanical structures and pipelines.<br \/>\nIntegral Energy provides you with technology that has been trusted to ensure accuracy, speed and safety demanded by our customers. Whether it is products such as torque and tension bolting equipment or skilled in situ machining service, <strong><span style=\"color: #330c74;\">Integral<\/span> <span style=\"color: #cec6de;\">Energy<\/span><\/strong>, working with Hydratight, is the trusted name for a job done right the first time.[\/vc_column_text][vc_empty_space height=&#8221;15px&#8221;]<a href=\"http:\/\/www.integral-energy.com\/en\/other-services\/hydratight-joint-integrity-solutions\/\" target=\"_self\" style=\"color: #ffffff;background-color: #330d74;border-color: #ffffff\" class=\"qodef-btn qodef-btn-medium qodef-btn-default qodef-btn-custom-hover-bg qodef-btn-custom-border-hover qodef-btn-custom-hover-color qodef-btn-icon qodef-btn-hover-animation\" data-hover-bg-color=\"#330d74\" data-hover-color=\"#330d74\" data-hover-border-color=\"#330d74\" >\n            <div class=\"qodef-animation-overlay-holder\">\n            <span  style=\"background-color: #ffffff\"  class=\"qodef-animation-overlay\"><\/span>\n        <\/div>\n        <span class=\"qodef-btn-text\">more<\/span>\n    <span class=\"qodef-btn-text-icon\"><i class=\"qodef-icon-simple-line-icon icon-arrow-right-circle \" ><\/i><\/span>\n<\/a>[\/vc_column][vc_column width=&#8221;1\/3&#8243;][vc_single_image image=&#8221;6252&#8243; img_size=&#8221;full&#8221; style=&#8221;vc_box_shadow_3d&#8221;][\/vc_column][\/vc_row][vc_row css=&#8221;.vc_custom_1499967180726{padding-top: 50px !important;padding-bottom: 50px !important;background-color: #330c74 !important;}&#8221;][vc_column css_animation=&#8221;zoomIn&#8221; el_class=&#8221;textoBlanco&#8221;]\n\n\t<div class=\"qodef-call-to-action normal\">\n\n\t\t\t\t<div class=\"qodef-container-inner\">\n\t\t\t\t\t<div class=\"qodef-call-to-action-row-75-25 clearfix\" style=\"padding: 20px;\">\n\t\t\n\t\t\t\t<div class=\"qodef-text-wrapper qodef-call-to-action-column1 qodef-call-to-action-cell\">\n\n\t\t\t\t\n\t\t\t\t\t<div class=\"qodef-call-to-action-text\" >\n\t\t\t\t\t\t\n<h2>Do you want to know more about us?<\/h2>\n\t\t\t\t\t<\/div>\n\n\t\t\t\t<\/div>\n\n\t\t\t\t\n\t\t\t\t\t<div class=\"qodef-button-wrapper qodef-call-to-action-column2 qodef-call-to-action-cell\" style =\"text-align: right ;\">\n\n\t\t\t\t\t\t<a href=\"http:\/\/www.integral-energy.com\/en\/contact\/\" target=\"_self\" style=\"color: #ffffff;background-color: #330d74;border-color: #ffffff\" class=\"qodef-btn qodef-btn-medium qodef-btn-default qodef-btn-custom-hover-bg qodef-btn-custom-border-hover qodef-btn-custom-hover-color qodef-btn-icon qodef-btn-hover-animation\" data-hover-bg-color=\"#330d74\" data-hover-color=\"#330d74\" data-hover-border-color=\"#330d74\" >            <div class=\"qodef-animation-overlay-holder\">            <span  style=\"background-color: #ffffff\"  class=\"qodef-animation-overlay\"><\/span>        <\/div>        <span class=\"qodef-btn-text\">contact us<\/span>    <span class=\"qodef-btn-text-icon\"><i class=\"qodef-icon-simple-line-icon icon-arrow-right-circle \" ><\/i><\/span><\/a>\n\t\t\t\t\t<\/div>\n\n\t\t\t\t\n\t\t\t<\/div>\n\n\t\t\t\t<\/div>\n\t\t\n\t<\/div>\n\n[\/vc_column][\/vc_row]<\/p>\n<\/div>","protected":false},"excerpt":{"rendered":"<p>[vc_row content_width=&#8221;grid&#8221; css_animation=&#8221;qodef-element-from-left&#8221; css=&#8221;.vc_custom_1500679145427{padding-top: 50px !important;padding-bottom: 50px !important;}&#8221;][vc_column width=&#8221;1\/3&#8243;][vc_single_image image=&#8221;6238&#8243; img_size=&#8221;full&#8221; style=&#8221;vc_box_shadow_3d&#8221;][\/vc_column][vc_column width=&#8221;2\/3&#8243;][vc_empty_space height=&#8221;30px&#8221;][vc_column_text] ELECTRONIC SECURITY &nbsp; Here at Integral Energy&#8230;<\/p>\n","protected":false},"author":2,"featured_media":0,"parent":0,"menu_order":0,"comment_status":"closed","ping_status":"closed","template":"full-width.php","meta":{"footnotes":""},"class_list":["post-7062","page","type-page","status-publish","hentry"],"yoast_head":"<!-- This site is optimized with the Yoast SEO plugin v27.1.1 - https:\/\/yoast.com\/product\/yoast-seo-wordpress\/ -->\n<title>Other Services | Integral Energy - Integral Energy<\/title>\n<meta name=\"description\" content=\"Integral Energy | Servicios y productos en protecci\u00f3n industrial y electricidad; seguridad electr\u00f3nica, mantenimiento e instalaciones, e ingenier\u00edas.\" \/>\n<meta name=\"robots\" content=\"index, follow, max-snippet:-1, max-image-preview:large, max-video-preview:-1\" \/>\n<link rel=\"canonical\" href=\"https:\/\/www.integral-energy.com\/en\/other-services\/\" \/>\n<meta property=\"og:locale\" content=\"en_US\" \/>\n<meta property=\"og:type\" content=\"article\" \/>\n<meta property=\"og:title\" content=\"Other Services | Integral Energy - Integral Energy\" \/>\n<meta property=\"og:description\" content=\"Integral Energy | Servicios y productos en protecci\u00f3n industrial y electricidad; seguridad electr\u00f3nica, mantenimiento e instalaciones, e ingenier\u00edas.\" \/>\n<meta property=\"og:url\" content=\"https:\/\/www.integral-energy.com\/en\/other-services\/\" \/>\n<meta property=\"og:site_name\" content=\"Integral Energy\" \/>\n<meta property=\"article:modified_time\" content=\"2017-08-03T21:00:07+00:00\" \/>\n<meta name=\"twitter:card\" content=\"summary_large_image\" \/>\n<meta name=\"twitter:label1\" content=\"Est. reading time\" \/>\n\t<meta name=\"twitter:data1\" content=\"2 minutes\" \/>\n<script type=\"application\/ld+json\" class=\"yoast-schema-graph\">{\"@context\":\"https:\/\/schema.org\",\"@graph\":[{\"@type\":\"WebPage\",\"@id\":\"https:\/\/www.integral-energy.com\/en\/other-services\/\",\"url\":\"https:\/\/www.integral-energy.com\/en\/other-services\/\",\"name\":\"Other Services | Integral Energy - Integral Energy\",\"isPartOf\":{\"@id\":\"https:\/\/www.integral-energy.com\/#website\"},\"datePublished\":\"2017-06-29T15:16:06+00:00\",\"dateModified\":\"2017-08-03T21:00:07+00:00\",\"description\":\"Integral Energy | Servicios y productos en protecci\u00f3n industrial y electricidad; seguridad electr\u00f3nica, mantenimiento e instalaciones, e ingenier\u00edas.\",\"breadcrumb\":{\"@id\":\"https:\/\/www.integral-energy.com\/en\/other-services\/#breadcrumb\"},\"inLanguage\":\"en-US\",\"potentialAction\":[{\"@type\":\"ReadAction\",\"target\":[\"https:\/\/www.integral-energy.com\/en\/other-services\/\"]}]},{\"@type\":\"BreadcrumbList\",\"@id\":\"https:\/\/www.integral-energy.com\/en\/other-services\/#breadcrumb\",\"itemListElement\":[{\"@type\":\"ListItem\",\"position\":1,\"name\":\"Portada\",\"item\":\"https:\/\/www.integral-energy.com\/en\/\"},{\"@type\":\"ListItem\",\"position\":2,\"name\":\"Other Services\"}]},{\"@type\":\"WebSite\",\"@id\":\"https:\/\/www.integral-energy.com\/#website\",\"url\":\"https:\/\/www.integral-energy.com\/\",\"name\":\"Integral Energy\",\"description\":\"Integral Energy\",\"potentialAction\":[{\"@type\":\"SearchAction\",\"target\":{\"@type\":\"EntryPoint\",\"urlTemplate\":\"https:\/\/www.integral-energy.com\/?s={search_term_string}\"},\"query-input\":{\"@type\":\"PropertyValueSpecification\",\"valueRequired\":true,\"valueName\":\"search_term_string\"}}],\"inLanguage\":\"en-US\"}]}<\/script>\n<!-- \/ Yoast SEO plugin. -->","yoast_head_json":{"title":"Other Services | Integral Energy - Integral Energy","description":"Integral Energy | Servicios y productos en protecci\u00f3n industrial y electricidad; seguridad electr\u00f3nica, mantenimiento e instalaciones, e ingenier\u00edas.","robots":{"index":"index","follow":"follow","max-snippet":"max-snippet:-1","max-image-preview":"max-image-preview:large","max-video-preview":"max-video-preview:-1"},"canonical":"https:\/\/www.integral-energy.com\/en\/other-services\/","og_locale":"en_US","og_type":"article","og_title":"Other Services | Integral Energy - Integral Energy","og_description":"Integral Energy | Servicios y productos en protecci\u00f3n industrial y electricidad; seguridad electr\u00f3nica, mantenimiento e instalaciones, e ingenier\u00edas.","og_url":"https:\/\/www.integral-energy.com\/en\/other-services\/","og_site_name":"Integral Energy","article_modified_time":"2017-08-03T21:00:07+00:00","twitter_card":"summary_large_image","twitter_misc":{"Est. reading time":"2 minutes"},"schema":{"@context":"https:\/\/schema.org","@graph":[{"@type":"WebPage","@id":"https:\/\/www.integral-energy.com\/en\/other-services\/","url":"https:\/\/www.integral-energy.com\/en\/other-services\/","name":"Other Services | Integral Energy - Integral Energy","isPartOf":{"@id":"https:\/\/www.integral-energy.com\/#website"},"datePublished":"2017-06-29T15:16:06+00:00","dateModified":"2017-08-03T21:00:07+00:00","description":"Integral Energy | Servicios y productos en protecci\u00f3n industrial y electricidad; seguridad electr\u00f3nica, mantenimiento e instalaciones, e ingenier\u00edas.","breadcrumb":{"@id":"https:\/\/www.integral-energy.com\/en\/other-services\/#breadcrumb"},"inLanguage":"en-US","potentialAction":[{"@type":"ReadAction","target":["https:\/\/www.integral-energy.com\/en\/other-services\/"]}]},{"@type":"BreadcrumbList","@id":"https:\/\/www.integral-energy.com\/en\/other-services\/#breadcrumb","itemListElement":[{"@type":"ListItem","position":1,"name":"Portada","item":"https:\/\/www.integral-energy.com\/en\/"},{"@type":"ListItem","position":2,"name":"Other Services"}]},{"@type":"WebSite","@id":"https:\/\/www.integral-energy.com\/#website","url":"https:\/\/www.integral-energy.com\/","name":"Integral Energy","description":"Integral Energy","potentialAction":[{"@type":"SearchAction","target":{"@type":"EntryPoint","urlTemplate":"https:\/\/www.integral-energy.com\/?s={search_term_string}"},"query-input":{"@type":"PropertyValueSpecification","valueRequired":true,"valueName":"search_term_string"}}],"inLanguage":"en-US"}]}},"amp_enabled":false,"_links":{"self":[{"href":"https:\/\/www.integral-energy.com\/en\/wp-json\/wp\/v2\/pages\/7062","targetHints":{"allow":["GET"]}}],"collection":[{"href":"https:\/\/www.integral-energy.com\/en\/wp-json\/wp\/v2\/pages"}],"about":[{"href":"https:\/\/www.integral-energy.com\/en\/wp-json\/wp\/v2\/types\/page"}],"author":[{"embeddable":true,"href":"https:\/\/www.integral-energy.com\/en\/wp-json\/wp\/v2\/users\/2"}],"replies":[{"embeddable":true,"href":"https:\/\/www.integral-energy.com\/en\/wp-json\/wp\/v2\/comments?post=7062"}],"version-history":[{"count":10,"href":"https:\/\/www.integral-energy.com\/en\/wp-json\/wp\/v2\/pages\/7062\/revisions"}],"predecessor-version":[{"id":7350,"href":"https:\/\/www.integral-energy.com\/en\/wp-json\/wp\/v2\/pages\/7062\/revisions\/7350"}],"wp:attachment":[{"href":"https:\/\/www.integral-energy.com\/en\/wp-json\/wp\/v2\/media?parent=7062"}],"curies":[{"name":"wp","href":"https:\/\/api.w.org\/{rel}","templated":true}]}}