{"id":6950,"date":"2017-06-29T14:54:43","date_gmt":"2017-06-29T14:54:43","guid":{"rendered":"http:\/\/www.integral-energy.com\/distribuciones\/"},"modified":"2017-07-26T22:02:46","modified_gmt":"2017-07-26T22:02:46","slug":"distributions","status":"publish","type":"page","link":"https:\/\/www.integral-energy.com\/en\/distributions\/","title":{"rendered":"Distributions"},"content":{"rendered":"<div class=\"wpb-content-wrapper\"><p>[vc_row content_width=&#8221;grid&#8221; el_id=&#8221;fike&#8221;][vc_column css_animation=&#8221;fadeInLeft&#8221;][vc_empty_space][vc_row_inner css=&#8221;.vc_custom_1499791619555{padding-top: 50px !important;padding-bottom: 50px !important;}&#8221;][vc_column_inner width=&#8221;1\/3&#8243;][vc_single_image image=&#8221;5755&#8243; img_size=&#8221;full&#8221; alignment=&#8221;center&#8221; css_animation=&#8221;none&#8221;][\/vc_column_inner][vc_column_inner width=&#8221;2\/3&#8243;][vc_empty_space height=&#8221;48px&#8221;][vc_column_text css_animation=&#8221;none&#8221; el_class=&#8221;linksd&#8221;]<\/p>\n<h3>Fike<\/h3>\n<p>&nbsp;<\/p>\n<p>Protection of life and critical assets is the purpose of our business. Our highly skilled workforce designs and builds precision-engineered solutions and provides a personalized customer service experience for businesses around the world that want peace of mind from experiencing consequences of serious financial loss or a devastating disaster.[\/vc_column_text][\/vc_column_inner][\/vc_row_inner][\/vc_column][\/vc_row][vc_row content_width=&#8221;grid&#8221; css=&#8221;.vc_custom_1500507695148{background-color: #f7f7f7 !important;background-position: center !important;background-repeat: no-repeat !important;background-size: contain !important;}&#8221; el_id=&#8221;newson&#8221;][vc_column css_animation=&#8221;fadeInRight&#8221;][vc_row_inner css=&#8221;.vc_custom_1499791628160{padding-top: 50px !important;padding-bottom: 50px !important;}&#8221;][vc_column_inner width=&#8221;2\/3&#8243;][vc_empty_space height=&#8221;48px&#8221;][vc_column_text css_animation=&#8221;none&#8221; el_class=&#8221;linksd&#8221;]<\/p>\n<h3>Newson Gale<\/h3>\n<p>&nbsp;<\/p>\n<p>The uncontrolled buildup and discharge of electrostatic sparks must be avoided in EX \/ HAZLOC environments to prevent ignitions that could harm people and damage plant equipment, products and the environment. <strong>Newson Gale\u2019s<\/strong> wide range of static grounding and bonding systems, equipment and accessories can control and eliminate these ignition risks, creating a safer and more productive work environment.<br \/>\nStatic electricity is an ever-present and significant ignition risk for operations conducted in flammable, combustible and potentially explosive atmospheres.<br \/>\n[\/vc_column_text][\/vc_column_inner][vc_column_inner width=&#8221;1\/3&#8243;][vc_single_image image=&#8221;5767&#8243; img_size=&#8221;full&#8221; alignment=&#8221;center&#8221; css_animation=&#8221;none&#8221;][\/vc_column_inner][\/vc_row_inner][\/vc_column][\/vc_row][vc_row content_width=&#8221;grid&#8221; css=&#8221;.vc_custom_1500507685461{padding-top: 50px !important;padding-bottom: 50px !important;}&#8221; el_id=&#8221;hydratight&#8221;][vc_column width=&#8221;1\/3&#8243;][vc_single_image image=&#8221;5750&#8243; img_size=&#8221;full&#8221; alignment=&#8221;center&#8221; css_animation=&#8221;fadeInLeft&#8221;][\/vc_column][vc_column width=&#8221;2\/3&#8243;][vc_empty_space height=&#8221;48&#8243;][vc_column_text css_animation=&#8221;fadeInLeft&#8221; el_class=&#8221;linksd&#8221;]<\/p>\n<h3>Hydratight<\/h3>\n<p>&nbsp;<\/p>\n<p>Over the last 30 years Hydratight has developed a comprehensive range of mechanical products for fastening, connecting and lifting mechanical structures and pipelines.<br \/>\nIntegral Energy provides you with technology that has been trusted to ensure accuracy, speed and safety demanded by our customers. Whether it is products such as torque and tension bolting equipment or skilled in situ machining service, <strong><span style=\"color: #330c74;\">Integral<\/span> <span style=\"color: #cec6de;\">Energy<\/span><\/strong>, working with Hydratight, is the trusted name for a job done right the first time.[\/vc_column_text][\/vc_column][\/vc_row][vc_row content_width=&#8221;grid&#8221; css=&#8221;.vc_custom_1500507718514{padding-top: 50px !important;padding-bottom: 50px !important;background-color: #f7f7f7 !important;}&#8221; el_id=&#8221;cummins&#8221;][vc_column width=&#8221;1\/2&#8243;][vc_empty_space height=&#8221;70px&#8221;][vc_column_text css_animation=&#8221;fadeInRight&#8221; el_class=&#8221;linksd&#8221;]<\/p>\n<h3>Cummins<\/h3>\n<p>&nbsp;<\/p>\n<p>Integral Energy looks to provide only the best quality products and services to our clients. Clean, efficient, dependable and durable, Cummins engines are found in nearly every type of vehicle and equipment on Earth, from pickup trucks to 18-wheelers, berry pickers to 360-ton mining haul trucks. You&#8217;ll also find us everywhere there&#8217;s water, with a full line of recreational and commercial marine diesels.<br \/>\nAnd every Cummins engine is backed by Cummins Genuine Parts and Service, providing total customer support from more than 7,200 worldwide locations every hour and every minute of every day.<br \/>\n[\/vc_column_text][\/vc_column][vc_column width=&#8221;1\/2&#8243;][vc_single_image image=&#8221;5769&#8243; img_size=&#8221;full&#8221; alignment=&#8221;center&#8221; css_animation=&#8221;fadeInRight&#8221;][\/vc_column][\/vc_row][vc_row css=&#8221;.vc_custom_1499791787268{padding-top: 50px !important;padding-bottom: 50px !important;background-color: #330c74 !important;}&#8221;][vc_column css_animation=&#8221;zoomIn&#8221; el_class=&#8221;textoBlanco&#8221;]\n\n\t<div class=\"qodef-call-to-action normal\">\n\n\t\t\t\t<div class=\"qodef-container-inner\">\n\t\t\t\t\t<div class=\"qodef-call-to-action-row-75-25 clearfix\" style=\"padding: 20px;\">\n\t\t\n\t\t\t\t<div class=\"qodef-text-wrapper qodef-call-to-action-column1 qodef-call-to-action-cell\">\n\n\t\t\t\t\n\t\t\t\t\t<div class=\"qodef-call-to-action-text\" >\n\t\t\t\t\t\t\n<h2>Do you want to know more about us?<\/h2>\n\t\t\t\t\t<\/div>\n\n\t\t\t\t<\/div>\n\n\t\t\t\t\n\t\t\t\t\t<div class=\"qodef-button-wrapper qodef-call-to-action-column2 qodef-call-to-action-cell\" style =\"text-align: right ;\">\n\n\t\t\t\t\t\t<a href=\"http:\/\/www.integral-energy.com\/en\/contact\/\" target=\"_self\" style=\"color: #ffffff;background-color: #330d74;border-color: #ffffff\" class=\"qodef-btn qodef-btn-medium qodef-btn-default qodef-btn-custom-hover-bg qodef-btn-custom-border-hover qodef-btn-custom-hover-color qodef-btn-icon qodef-btn-hover-animation\" data-hover-bg-color=\"#330d74\" data-hover-color=\"#330d74\" data-hover-border-color=\"#330d74\" >            <div class=\"qodef-animation-overlay-holder\">            <span  style=\"background-color: #ffffff\"  class=\"qodef-animation-overlay\"><\/span>        <\/div>        <span class=\"qodef-btn-text\">CONTACT US<\/span>    <span class=\"qodef-btn-text-icon\"><i class=\"qodef-icon-simple-line-icon icon-arrow-right-circle \" ><\/i><\/span><\/a>\n\t\t\t\t\t<\/div>\n\n\t\t\t\t\n\t\t\t<\/div>\n\n\t\t\t\t<\/div>\n\t\t\n\t<\/div>\n\n[\/vc_column][\/vc_row]<\/p>\n<\/div>","protected":false},"excerpt":{"rendered":"<p>[vc_row content_width=&#8221;grid&#8221; el_id=&#8221;fike&#8221;][vc_column css_animation=&#8221;fadeInLeft&#8221;][vc_empty_space][vc_row_inner css=&#8221;.vc_custom_1499791619555{padding-top: 50px !important;padding-bottom: 50px !important;}&#8221;][vc_column_inner width=&#8221;1\/3&#8243;][vc_single_image image=&#8221;5755&#8243; img_size=&#8221;full&#8221; alignment=&#8221;center&#8221; css_animation=&#8221;none&#8221;][\/vc_column_inner][vc_column_inner width=&#8221;2\/3&#8243;][vc_empty_space height=&#8221;48px&#8221;][vc_column_text css_animation=&#8221;none&#8221; el_class=&#8221;linksd&#8221;] Fike &nbsp; Protection&#8230;<\/p>\n","protected":false},"author":2,"featured_media":0,"parent":0,"menu_order":0,"comment_status":"closed","ping_status":"closed","template":"full-width.php","meta":{"footnotes":""},"class_list":["post-6950","page","type-page","status-publish","hentry"],"yoast_head":"<!-- This site is optimized with the Yoast SEO plugin v27.1.1 - https:\/\/yoast.com\/product\/yoast-seo-wordpress\/ -->\n<title>Distributions | Integral Energy - Integral Energy<\/title>\n<meta name=\"description\" content=\"Integral Energy | Servicios y productos en protecci\u00f3n industrial y electricidad; seguridad electr\u00f3nica, mantenimiento e instalaciones, e ingenier\u00edas.\" \/>\n<meta name=\"robots\" content=\"index, follow, max-snippet:-1, max-image-preview:large, max-video-preview:-1\" \/>\n<link rel=\"canonical\" href=\"https:\/\/www.integral-energy.com\/distribuciones\/\" \/>\n<meta property=\"og:locale\" content=\"en_US\" \/>\n<meta property=\"og:type\" content=\"article\" \/>\n<meta property=\"og:title\" content=\"Distributions | Integral Energy - Integral Energy\" \/>\n<meta property=\"og:description\" content=\"Integral Energy | Servicios y productos en protecci\u00f3n industrial y electricidad; seguridad electr\u00f3nica, mantenimiento e instalaciones, e ingenier\u00edas.\" \/>\n<meta property=\"og:url\" content=\"https:\/\/www.integral-energy.com\/distribuciones\/\" \/>\n<meta property=\"og:site_name\" content=\"Integral Energy\" \/>\n<meta property=\"article:modified_time\" content=\"2017-07-26T22:02:46+00:00\" \/>\n<meta name=\"twitter:card\" content=\"summary_large_image\" \/>\n<meta name=\"twitter:label1\" content=\"Est. reading time\" \/>\n\t<meta name=\"twitter:data1\" content=\"3 minutes\" \/>\n<script type=\"application\/ld+json\" class=\"yoast-schema-graph\">{\"@context\":\"https:\/\/schema.org\",\"@graph\":[{\"@type\":\"WebPage\",\"@id\":\"https:\/\/www.integral-energy.com\/distribuciones\/\",\"url\":\"https:\/\/www.integral-energy.com\/distribuciones\/\",\"name\":\"Distributions | Integral Energy - Integral Energy\",\"isPartOf\":{\"@id\":\"https:\/\/www.integral-energy.com\/#website\"},\"datePublished\":\"2017-06-29T14:54:43+00:00\",\"dateModified\":\"2017-07-26T22:02:46+00:00\",\"description\":\"Integral Energy | Servicios y productos en protecci\u00f3n industrial y electricidad; seguridad electr\u00f3nica, mantenimiento e instalaciones, e ingenier\u00edas.\",\"breadcrumb\":{\"@id\":\"https:\/\/www.integral-energy.com\/distribuciones\/#breadcrumb\"},\"inLanguage\":\"en-US\",\"potentialAction\":[{\"@type\":\"ReadAction\",\"target\":[\"https:\/\/www.integral-energy.com\/distribuciones\/\"]}]},{\"@type\":\"BreadcrumbList\",\"@id\":\"https:\/\/www.integral-energy.com\/distribuciones\/#breadcrumb\",\"itemListElement\":[{\"@type\":\"ListItem\",\"position\":1,\"name\":\"Portada\",\"item\":\"https:\/\/www.integral-energy.com\/en\/\"},{\"@type\":\"ListItem\",\"position\":2,\"name\":\"Distributions\"}]},{\"@type\":\"WebSite\",\"@id\":\"https:\/\/www.integral-energy.com\/#website\",\"url\":\"https:\/\/www.integral-energy.com\/\",\"name\":\"Integral Energy\",\"description\":\"Integral Energy\",\"potentialAction\":[{\"@type\":\"SearchAction\",\"target\":{\"@type\":\"EntryPoint\",\"urlTemplate\":\"https:\/\/www.integral-energy.com\/?s={search_term_string}\"},\"query-input\":{\"@type\":\"PropertyValueSpecification\",\"valueRequired\":true,\"valueName\":\"search_term_string\"}}],\"inLanguage\":\"en-US\"}]}<\/script>\n<!-- \/ Yoast SEO plugin. -->","yoast_head_json":{"title":"Distributions | Integral Energy - Integral Energy","description":"Integral Energy | Servicios y productos en protecci\u00f3n industrial y electricidad; seguridad electr\u00f3nica, mantenimiento e instalaciones, e ingenier\u00edas.","robots":{"index":"index","follow":"follow","max-snippet":"max-snippet:-1","max-image-preview":"max-image-preview:large","max-video-preview":"max-video-preview:-1"},"canonical":"https:\/\/www.integral-energy.com\/distribuciones\/","og_locale":"en_US","og_type":"article","og_title":"Distributions | Integral Energy - Integral Energy","og_description":"Integral Energy | Servicios y productos en protecci\u00f3n industrial y electricidad; seguridad electr\u00f3nica, mantenimiento e instalaciones, e ingenier\u00edas.","og_url":"https:\/\/www.integral-energy.com\/distribuciones\/","og_site_name":"Integral Energy","article_modified_time":"2017-07-26T22:02:46+00:00","twitter_card":"summary_large_image","twitter_misc":{"Est. reading time":"3 minutes"},"schema":{"@context":"https:\/\/schema.org","@graph":[{"@type":"WebPage","@id":"https:\/\/www.integral-energy.com\/distribuciones\/","url":"https:\/\/www.integral-energy.com\/distribuciones\/","name":"Distributions | Integral Energy - Integral Energy","isPartOf":{"@id":"https:\/\/www.integral-energy.com\/#website"},"datePublished":"2017-06-29T14:54:43+00:00","dateModified":"2017-07-26T22:02:46+00:00","description":"Integral Energy | Servicios y productos en protecci\u00f3n industrial y electricidad; seguridad electr\u00f3nica, mantenimiento e instalaciones, e ingenier\u00edas.","breadcrumb":{"@id":"https:\/\/www.integral-energy.com\/distribuciones\/#breadcrumb"},"inLanguage":"en-US","potentialAction":[{"@type":"ReadAction","target":["https:\/\/www.integral-energy.com\/distribuciones\/"]}]},{"@type":"BreadcrumbList","@id":"https:\/\/www.integral-energy.com\/distribuciones\/#breadcrumb","itemListElement":[{"@type":"ListItem","position":1,"name":"Portada","item":"https:\/\/www.integral-energy.com\/en\/"},{"@type":"ListItem","position":2,"name":"Distributions"}]},{"@type":"WebSite","@id":"https:\/\/www.integral-energy.com\/#website","url":"https:\/\/www.integral-energy.com\/","name":"Integral Energy","description":"Integral Energy","potentialAction":[{"@type":"SearchAction","target":{"@type":"EntryPoint","urlTemplate":"https:\/\/www.integral-energy.com\/?s={search_term_string}"},"query-input":{"@type":"PropertyValueSpecification","valueRequired":true,"valueName":"search_term_string"}}],"inLanguage":"en-US"}]}},"amp_enabled":false,"_links":{"self":[{"href":"https:\/\/www.integral-energy.com\/en\/wp-json\/wp\/v2\/pages\/6950","targetHints":{"allow":["GET"]}}],"collection":[{"href":"https:\/\/www.integral-energy.com\/en\/wp-json\/wp\/v2\/pages"}],"about":[{"href":"https:\/\/www.integral-energy.com\/en\/wp-json\/wp\/v2\/types\/page"}],"author":[{"embeddable":true,"href":"https:\/\/www.integral-energy.com\/en\/wp-json\/wp\/v2\/users\/2"}],"replies":[{"embeddable":true,"href":"https:\/\/www.integral-energy.com\/en\/wp-json\/wp\/v2\/comments?post=6950"}],"version-history":[{"count":9,"href":"https:\/\/www.integral-energy.com\/en\/wp-json\/wp\/v2\/pages\/6950\/revisions"}],"predecessor-version":[{"id":7263,"href":"https:\/\/www.integral-energy.com\/en\/wp-json\/wp\/v2\/pages\/6950\/revisions\/7263"}],"wp:attachment":[{"href":"https:\/\/www.integral-energy.com\/en\/wp-json\/wp\/v2\/media?parent=6950"}],"curies":[{"name":"wp","href":"https:\/\/api.w.org\/{rel}","templated":true}]}}