{"id":6938,"date":"2017-06-29T14:51:46","date_gmt":"2017-06-29T14:51:46","guid":{"rendered":"http:\/\/www.integral-energy.com\/nosotros\/"},"modified":"2017-08-03T15:31:25","modified_gmt":"2017-08-03T15:31:25","slug":"about-us","status":"publish","type":"page","link":"https:\/\/www.integral-energy.com\/en\/about-us\/","title":{"rendered":"About Us"},"content":{"rendered":"<div class=\"wpb-content-wrapper\"><p>[vc_row content_width=&#8221;grid&#8221; css_animation=&#8221;qodef-element-from-left&#8221;][vc_column][vc_empty_space height=&#8221;35px&#8221;][vc_column_text css_animation=&#8221;none&#8221;]<\/p>\n<p style=\"font-size: 19px; text-align: center;\"><strong><span style=\"color: #330c74;\">Integral<\/span> <span style=\"color: #cec6de;\">Energy<\/span><\/strong> is a dynamic company that emerged as a response to the growing demand of engineering professional services and products for the industry in our country.<\/p>\n<p>&nbsp;<\/p>\n<p style=\"font-size: 19px; text-align: center;\">Committed to quality, <strong><span style=\"color: #330c74;\">Integral<\/span> <span style=\"color: #cec6de;\">Energy <\/span><\/strong>is becoming the integral solution to the technical and service needs of this millennium.<\/p>\n<p>[\/vc_column_text][vc_empty_space height=&#8221;35px&#8221;][\/vc_column][\/vc_row][vc_row content_width=&#8221;grid&#8221; css_animation=&#8221;qodef-element-from-right&#8221;][vc_column width=&#8221;1\/2&#8243;][vc_empty_space height=&#8221;135px&#8221;]<div class=\"qodef-elements-holder qodef-responsive-mode-768\" ><div class=\"qodef-elements-holder-item qodef-vertical-alignment-middle qodef-horizontal-alignment-left qodef-zoom-image\" style=\"background-color: #330c74;background-image: url(https:\/\/www.integral-energy.com\/wp-content\/uploads\/2017\/06\/misionm.png)\">\n\t<div class=\"qodef-elements-holder-item-inner\">\n\t\t<div class=\"qodef-elements-holder-item-content qodef-elements-holder-custom-857450\" style=\"padding: 80px 120px 58px 95px\">\n\t\t\t\t\t\t[vc_empty_space][vc_column_text css_animation=&#8221;none&#8221; el_class=&#8221;textoBlanco&#8221;]<\/p>\n<h2>OUR MISSION<\/h2>\n<p>&nbsp;<\/p>\n<p style=\"font-size: 17px;\">&#8220;To be a leading company that provides professional service with state of the art technology in the business areas we are committed to, always concerned about developing ethical values such as responsibility and commitment in our personnel as a benefit for our customers&#8221;.<\/p>\n<p>[\/vc_column_text][vc_empty_space]\t\t<\/div>\n\t<\/div>\n<\/div><\/div>[\/vc_column][vc_column width=&#8221;1\/2&#8243;][vc_empty_space height=&#8221;35px&#8221;]<div class=\"qodef-elements-holder qodef-responsive-mode-768\" ><div class=\"qodef-elements-holder-item qodef-vertical-alignment-middle qodef-horizontal-alignment-left qodef-zoom-image\" style=\"background-color: #cec6de;background-image: url(https:\/\/www.integral-energy.com\/wp-content\/uploads\/2017\/06\/calidad1.png)\">\n\t<div class=\"qodef-elements-holder-item-inner\">\n\t\t<div class=\"qodef-elements-holder-item-content qodef-elements-holder-custom-555618\" style=\"padding: 103px 120px 58px 95px\">\n\t\t\t\t\t\t[vc_empty_space][vc_column_text css_animation=&#8221;none&#8221; el_class=&#8221;textoBlanco&#8221;]<\/p>\n<h2>OUR QUALITY POLICY<\/h2>\n<p>&nbsp;<\/p>\n<p style=\"font-size: 17px;\">&#8220;To establish professional and long term relationships with our customers by exceeding their expectations, providing excellent service and adding an extra value that makes the difference.&#8221;<\/p>\n<p>[\/vc_column_text][vc_empty_space]\t\t<\/div>\n\t<\/div>\n<\/div><\/div>[\/vc_column][\/vc_row][vc_row content_width=&#8221;grid&#8221; css_animation=&#8221;qodef-element-from-left&#8221;][vc_column][vc_empty_space height=&#8221;60px&#8221;]\n<blockquote class=\"qodef-blockquote-shortcode\"  >\n\t<h4 class=\"qodef-blockquote-text\">\n\t<span>Our efforts are focused on providing quality service as an added value to the services and products we offer.<\/span>\n\t<\/h4>\n<\/blockquote>[vc_empty_space height=&#8221;60px&#8221;][\/vc_column][\/vc_row][vc_row content_width=&#8221;grid&#8221; css_animation=&#8221;qodef-element-from-left&#8221;][vc_column][vc_column_text css_animation=&#8221;none&#8221;]<\/p>\n<p style=\"font-size: 19px;\">Therefore, we are presenting the options that <strong><span style=\"color: #330c74;\">Integral<\/span> <span style=\"color: #cec6de;\">Energy<\/span><\/strong> offers to your company. Our extended experience is supported by the countless projects we have worked with in various areas around the country, as well as in other countries. This allows us to provide you with better technical support and quality.<\/p>\n<p>[\/vc_column_text][vc_empty_space height=&#8221;80px&#8221;][\/vc_column][\/vc_row][vc_row css=&#8221;.vc_custom_1499965801897{background-color: #330c74 !important;background-position: center !important;background-repeat: no-repeat !important;background-size: cover !important;border-radius: 5px !important;}&#8221;][vc_column css_animation=&#8221;zoomIn&#8221; el_class=&#8221;textoBlanco&#8221;][vc_empty_space]\n\n\t<div class=\"qodef-call-to-action normal\">\n\n\t\t\t\t<div class=\"qodef-container-inner\">\n\t\t\t\t\t<div class=\"qodef-call-to-action-row-75-25 clearfix\" style=\"padding: 20px;\">\n\t\t\n\t\t\t\t<div class=\"qodef-text-wrapper qodef-call-to-action-column1 qodef-call-to-action-cell\">\n\n\t\t\t\t\n\t\t\t\t\t<div class=\"qodef-call-to-action-text\" >\n\t\t\t\t\t\t\n<h2>Do you want to know more about us?<\/h2>\n\t\t\t\t\t<\/div>\n\n\t\t\t\t<\/div>\n\n\t\t\t\t\n\t\t\t\t\t<div class=\"qodef-button-wrapper qodef-call-to-action-column2 qodef-call-to-action-cell\" style =\"text-align: right ;\">\n\n\t\t\t\t\t\t<a href=\"http:\/\/www.integral-energy.com\/en\/contact\/\" target=\"_self\" style=\"color: #ffffff;background-color: #330d74;border-color: #ffffff\" class=\"qodef-btn qodef-btn-medium qodef-btn-default qodef-btn-custom-hover-bg qodef-btn-custom-border-hover qodef-btn-custom-hover-color qodef-btn-icon qodef-btn-hover-animation\" data-hover-bg-color=\"#330d74\" data-hover-color=\"#330d74\" data-hover-border-color=\"#330d74\" >            <div class=\"qodef-animation-overlay-holder\">            <span  style=\"background-color: #ffffff\"  class=\"qodef-animation-overlay\"><\/span>        <\/div>        <span class=\"qodef-btn-text\">CONTACT US<\/span>    <span class=\"qodef-btn-text-icon\"><i class=\"qodef-icon-simple-line-icon icon-arrow-right-circle \" ><\/i><\/span><\/a>\n\t\t\t\t\t<\/div>\n\n\t\t\t\t\n\t\t\t<\/div>\n\n\t\t\t\t<\/div>\n\t\t\n\t<\/div>\n\n[vc_empty_space][\/vc_column][\/vc_row]<\/p>\n<\/div>","protected":false},"excerpt":{"rendered":"<p>[vc_row content_width=&#8221;grid&#8221; css_animation=&#8221;qodef-element-from-left&#8221;][vc_column][vc_empty_space height=&#8221;35px&#8221;][vc_column_text css_animation=&#8221;none&#8221;] Integral Energy is a dynamic company that emerged as a response to the growing demand of&#8230;<\/p>\n","protected":false},"author":2,"featured_media":0,"parent":0,"menu_order":0,"comment_status":"closed","ping_status":"closed","template":"full-width.php","meta":{"footnotes":""},"class_list":["post-6938","page","type-page","status-publish","hentry"],"yoast_head":"<!-- This site is optimized with the Yoast SEO plugin v27.1.1 - https:\/\/yoast.com\/product\/yoast-seo-wordpress\/ -->\n<title>About Us | Integral Energy - Integral Energy<\/title>\n<meta name=\"description\" content=\"Integral Energy | Servicios y productos en protecci\u00f3n industrial y electricidad; seguridad electr\u00f3nica, mantenimiento e instalaciones, e ingenier\u00edas.\" \/>\n<meta name=\"robots\" content=\"index, follow, max-snippet:-1, max-image-preview:large, max-video-preview:-1\" \/>\n<link rel=\"canonical\" href=\"https:\/\/www.integral-energy.com\/nosotros\/\" \/>\n<meta property=\"og:locale\" content=\"en_US\" \/>\n<meta property=\"og:type\" content=\"article\" \/>\n<meta property=\"og:title\" content=\"About Us | Integral Energy - Integral Energy\" \/>\n<meta property=\"og:description\" content=\"Integral Energy | Servicios y productos en protecci\u00f3n industrial y electricidad; seguridad electr\u00f3nica, mantenimiento e instalaciones, e ingenier\u00edas.\" \/>\n<meta property=\"og:url\" content=\"https:\/\/www.integral-energy.com\/nosotros\/\" \/>\n<meta property=\"og:site_name\" content=\"Integral Energy\" \/>\n<meta property=\"article:modified_time\" content=\"2017-08-03T15:31:25+00:00\" \/>\n<meta name=\"twitter:card\" content=\"summary_large_image\" \/>\n<meta name=\"twitter:label1\" content=\"Est. reading time\" \/>\n\t<meta name=\"twitter:data1\" content=\"3 minutes\" \/>\n<script type=\"application\/ld+json\" class=\"yoast-schema-graph\">{\"@context\":\"https:\/\/schema.org\",\"@graph\":[{\"@type\":\"WebPage\",\"@id\":\"https:\/\/www.integral-energy.com\/nosotros\/\",\"url\":\"https:\/\/www.integral-energy.com\/nosotros\/\",\"name\":\"About Us | Integral Energy - Integral Energy\",\"isPartOf\":{\"@id\":\"https:\/\/www.integral-energy.com\/#website\"},\"datePublished\":\"2017-06-29T14:51:46+00:00\",\"dateModified\":\"2017-08-03T15:31:25+00:00\",\"description\":\"Integral Energy | Servicios y productos en protecci\u00f3n industrial y electricidad; seguridad electr\u00f3nica, mantenimiento e instalaciones, e ingenier\u00edas.\",\"breadcrumb\":{\"@id\":\"https:\/\/www.integral-energy.com\/nosotros\/#breadcrumb\"},\"inLanguage\":\"en-US\",\"potentialAction\":[{\"@type\":\"ReadAction\",\"target\":[\"https:\/\/www.integral-energy.com\/nosotros\/\"]}]},{\"@type\":\"BreadcrumbList\",\"@id\":\"https:\/\/www.integral-energy.com\/nosotros\/#breadcrumb\",\"itemListElement\":[{\"@type\":\"ListItem\",\"position\":1,\"name\":\"Portada\",\"item\":\"https:\/\/www.integral-energy.com\/en\/\"},{\"@type\":\"ListItem\",\"position\":2,\"name\":\"About Us\"}]},{\"@type\":\"WebSite\",\"@id\":\"https:\/\/www.integral-energy.com\/#website\",\"url\":\"https:\/\/www.integral-energy.com\/\",\"name\":\"Integral Energy\",\"description\":\"Integral Energy\",\"potentialAction\":[{\"@type\":\"SearchAction\",\"target\":{\"@type\":\"EntryPoint\",\"urlTemplate\":\"https:\/\/www.integral-energy.com\/?s={search_term_string}\"},\"query-input\":{\"@type\":\"PropertyValueSpecification\",\"valueRequired\":true,\"valueName\":\"search_term_string\"}}],\"inLanguage\":\"en-US\"}]}<\/script>\n<!-- \/ Yoast SEO plugin. -->","yoast_head_json":{"title":"About Us | Integral Energy - Integral Energy","description":"Integral Energy | Servicios y productos en protecci\u00f3n industrial y electricidad; seguridad electr\u00f3nica, mantenimiento e instalaciones, e ingenier\u00edas.","robots":{"index":"index","follow":"follow","max-snippet":"max-snippet:-1","max-image-preview":"max-image-preview:large","max-video-preview":"max-video-preview:-1"},"canonical":"https:\/\/www.integral-energy.com\/nosotros\/","og_locale":"en_US","og_type":"article","og_title":"About Us | Integral Energy - Integral Energy","og_description":"Integral Energy | Servicios y productos en protecci\u00f3n industrial y electricidad; seguridad electr\u00f3nica, mantenimiento e instalaciones, e ingenier\u00edas.","og_url":"https:\/\/www.integral-energy.com\/nosotros\/","og_site_name":"Integral Energy","article_modified_time":"2017-08-03T15:31:25+00:00","twitter_card":"summary_large_image","twitter_misc":{"Est. reading time":"3 minutes"},"schema":{"@context":"https:\/\/schema.org","@graph":[{"@type":"WebPage","@id":"https:\/\/www.integral-energy.com\/nosotros\/","url":"https:\/\/www.integral-energy.com\/nosotros\/","name":"About Us | Integral Energy - Integral Energy","isPartOf":{"@id":"https:\/\/www.integral-energy.com\/#website"},"datePublished":"2017-06-29T14:51:46+00:00","dateModified":"2017-08-03T15:31:25+00:00","description":"Integral Energy | Servicios y productos en protecci\u00f3n industrial y electricidad; seguridad electr\u00f3nica, mantenimiento e instalaciones, e ingenier\u00edas.","breadcrumb":{"@id":"https:\/\/www.integral-energy.com\/nosotros\/#breadcrumb"},"inLanguage":"en-US","potentialAction":[{"@type":"ReadAction","target":["https:\/\/www.integral-energy.com\/nosotros\/"]}]},{"@type":"BreadcrumbList","@id":"https:\/\/www.integral-energy.com\/nosotros\/#breadcrumb","itemListElement":[{"@type":"ListItem","position":1,"name":"Portada","item":"https:\/\/www.integral-energy.com\/en\/"},{"@type":"ListItem","position":2,"name":"About Us"}]},{"@type":"WebSite","@id":"https:\/\/www.integral-energy.com\/#website","url":"https:\/\/www.integral-energy.com\/","name":"Integral Energy","description":"Integral Energy","potentialAction":[{"@type":"SearchAction","target":{"@type":"EntryPoint","urlTemplate":"https:\/\/www.integral-energy.com\/?s={search_term_string}"},"query-input":{"@type":"PropertyValueSpecification","valueRequired":true,"valueName":"search_term_string"}}],"inLanguage":"en-US"}]}},"amp_enabled":false,"_links":{"self":[{"href":"https:\/\/www.integral-energy.com\/en\/wp-json\/wp\/v2\/pages\/6938","targetHints":{"allow":["GET"]}}],"collection":[{"href":"https:\/\/www.integral-energy.com\/en\/wp-json\/wp\/v2\/pages"}],"about":[{"href":"https:\/\/www.integral-energy.com\/en\/wp-json\/wp\/v2\/types\/page"}],"author":[{"embeddable":true,"href":"https:\/\/www.integral-energy.com\/en\/wp-json\/wp\/v2\/users\/2"}],"replies":[{"embeddable":true,"href":"https:\/\/www.integral-energy.com\/en\/wp-json\/wp\/v2\/comments?post=6938"}],"version-history":[{"count":10,"href":"https:\/\/www.integral-energy.com\/en\/wp-json\/wp\/v2\/pages\/6938\/revisions"}],"predecessor-version":[{"id":7337,"href":"https:\/\/www.integral-energy.com\/en\/wp-json\/wp\/v2\/pages\/6938\/revisions\/7337"}],"wp:attachment":[{"href":"https:\/\/www.integral-energy.com\/en\/wp-json\/wp\/v2\/media?parent=6938"}],"curies":[{"name":"wp","href":"https:\/\/api.w.org\/{rel}","templated":true}]}}